{"id":269,"date":"2024-03-06T16:41:02","date_gmt":"2024-03-06T16:41:02","guid":{"rendered":"https:\/\/globalcar.pl\/?page_id=269"},"modified":"2024-03-06T16:42:29","modified_gmt":"2024-03-06T16:42:29","slug":"polityka-prywatnosci","status":"publish","type":"page","link":"https:\/\/globalcar.pl\/index.php\/polityka-prywatnosci\/","title":{"rendered":"Polityka prywatno\u015bci"},"content":{"rendered":"\t\t<div data-elementor-type=\"wp-page\" data-elementor-id=\"269\" class=\"elementor elementor-269\" data-elementor-post-type=\"page\">\n\t\t\t\t<div class=\"elementor-element elementor-element-6a22625 e-flex e-con-boxed e-con e-parent\" data-id=\"6a22625\" data-element_type=\"container\" data-settings=\"{&quot;jet_parallax_layout_list&quot;:[]}\" data-core-v316-plus=\"true\">\n\t\t\t\t\t<div class=\"e-con-inner\">\n\t\t\t\t<div class=\"elementor-element elementor-element-e25f46f elementor-widget elementor-widget-heading\" data-id=\"e25f46f\" data-element_type=\"widget\" data-widget_type=\"heading.default\">\n\t\t\t\t<div class=\"elementor-widget-container\">\n\t\t\t<style>\/*! elementor - v3.20.0 - 26-03-2024 *\/\n.elementor-heading-title{padding:0;margin:0;line-height:1}.elementor-widget-heading .elementor-heading-title[class*=elementor-size-]>a{color:inherit;font-size:inherit;line-height:inherit}.elementor-widget-heading .elementor-heading-title.elementor-size-small{font-size:15px}.elementor-widget-heading .elementor-heading-title.elementor-size-medium{font-size:19px}.elementor-widget-heading .elementor-heading-title.elementor-size-large{font-size:29px}.elementor-widget-heading .elementor-heading-title.elementor-size-xl{font-size:39px}.elementor-widget-heading .elementor-heading-title.elementor-size-xxl{font-size:59px}<\/style><h1 class=\"elementor-heading-title elementor-size-default\">Polityka prywatno\u015bci<\/h1>\t\t<\/div>\n\t\t\t\t<\/div>\n\t\t\t\t<div class=\"elementor-element elementor-element-ac9f652 elementor-widget elementor-widget-text-editor\" data-id=\"ac9f652\" data-element_type=\"widget\" data-widget_type=\"text-editor.default\">\n\t\t\t\t<div class=\"elementor-widget-container\">\n\t\t\t<style>\/*! elementor - v3.20.0 - 26-03-2024 *\/\n.elementor-widget-text-editor.elementor-drop-cap-view-stacked .elementor-drop-cap{background-color:#69727d;color:#fff}.elementor-widget-text-editor.elementor-drop-cap-view-framed .elementor-drop-cap{color:#69727d;border:3px solid;background-color:transparent}.elementor-widget-text-editor:not(.elementor-drop-cap-view-default) .elementor-drop-cap{margin-top:8px}.elementor-widget-text-editor:not(.elementor-drop-cap-view-default) .elementor-drop-cap-letter{width:1em;height:1em}.elementor-widget-text-editor .elementor-drop-cap{float:left;text-align:center;line-height:1;font-size:50px}.elementor-widget-text-editor .elementor-drop-cap-letter{display:inline-block}<\/style>\t\t\t\t<p><b>POJ\u0118CIA<\/b><\/p><ol><li><b>GLOBAL CAR SP Z O O \u2013<\/b>Miros\u0142aw Rafa\u0142\u00a0z siedzib\u0105 w Poznaniu,\u00a0UL. \u015awi\u0119ty Marcin 29\/8\u00a0,\u00a061-806, NIP:\u00a07831795224.<\/li><li><b>Serwis \u2013<\/b>platforma internetowa funkcjonuj\u0105ca w domenie globalcar.pl;<\/li><li><b>Klient \u2013<\/b>osoba fizyczna posiadaj\u0105ca pe\u0142n\u0105 zdolno\u015b\u0107 do czynno\u015bci prawnych, a w wypadkach przewidzianych przez przepisy powszechnie obowi\u0105zuj\u0105ce, tak\u017ce osoba fizyczna posiadaj\u0105ca ograniczon\u0105 zdolno\u015b\u0107 do czynno\u015bci prawnych albo osoba prawna albo jednostka organizacyjna nieposiadaj\u0105ca osobowo\u015bci prawnej, kt\u00f3rej ustawa przyznaje zdolno\u015b\u0107 prawn\u0105 \u2013 kt\u00f3ra zawar\u0142a lub zamierza zawrze\u0107 Umow\u0119 z\u00a0GLOBAL CAR SP Z O O\u00a0albo korzysta lub zamierzaj\u0105ca korzysta\u0107 z co najmniej jednej Us\u0142ugi lub Us\u0142ugi elektronicznej;<\/li><li><b>Produkt \u2013<\/b>dost\u0119pna w Serwisie rzecz ruchoma b\u0119d\u0105ca przedmiotem Umowy sprzeda\u017cy mi\u0119dzy Klientem a GLOBAL CAR SP Z O O;<\/li><li><b>Us\u0142uga \u2013<\/b>dost\u0119pna w Serwisie funkcjonalno\u015b\u0107 odp\u0142atna, niemaj\u0105ca charakteru materialnego, b\u0119d\u0105ca przedmiotem Umowy mi\u0119dzy Klientem a GLOBAL CAR SP Z O O;<\/li><li><b>Umowa \u2013<\/b>umowa o \u015bwiadczenie Us\u0142ugi zawierana albo zawarta mi\u0119dzy Klientem a\u00a0GLOBAL CAR SP Z O O, za po\u015brednictwem Serwisu lub inny rodzaj umowy, okre\u015blony indywidualnie w Regulaminie;<\/li><li><b>Us\u0142uga elektroniczna \u2013<\/b>us\u0142uga \u015bwiadczona drog\u0105 elektroniczn\u0105 przez GLOBAL CAR SP Z O O\u00a0na rzecz Klienta za po\u015brednictwem Serwisu;<\/li><\/ol><p><b>ADMINISTRATOR DANYCH OSOBOWYCH<\/b><\/p><p>Administratorem danych osobowych w rozumieniu rozporz\u0105dzenia Parlamentu Europejskiego i Rady (UE) z dnia 27 kwietnia 2016 r. w sprawie ochrony os\u00f3b fizycznych w zwi\u0105zku z przetwarzaniem danych osobowych i w sprawie swobodnego przep\u0142ywu takich danych oraz uchylenia dyrektywy 95\/46\/WE (dalej: Rozporz\u0105dzenie) jest GLOBAL CAR SP Z O O<\/p><p><b>CEL I ZAKRES GROMADZENIA DANYCH<\/b><\/p><p>W czasie obecno\u015bci u\u017cytkownika lub Klienta w Serwisie, w szczeg\u00f3lno\u015bci podczas korzystania z Us\u0142ug elektronicznych albo dokonywania zakupu Produktu lub us\u0142ugi udost\u0119pnionych przez GLOBAL CAR SP Z O O\u00a0w Serwisie albo korzystania z Us\u0142ug elektronicznych, mo\u017ce zosta\u0107 poproszony o podanie (udost\u0119pnienie) swoich danych osobowych. Zakres powierzenia swoich danych wyst\u0119puje w podziale na dane obowi\u0105zkowe i nieobowi\u0105zkowe, ka\u017cdorazowo wyszczeg\u00f3lnione w przystosowanym formularzu do wprowadzenia tych danych, stosownie do potrzeb danego Produktu, Us\u0142ugi lub Us\u0142ugi elektronicznej, z kt\u00f3rej u\u017cytkownik lub Klient zamierza skorzysta\u0107. Podanie danych jest zawsze dobrowolne, lecz czasami niezb\u0119dne dla prawid\u0142owego zrealizowania zam\u00f3wienia lub Us\u0142ugi elektronicznej.<\/p><p>Przetwarzanie danych odbywa si\u0119 wy\u0142\u0105cznie w celu, w jakim zosta\u0142y udost\u0119pnione GLOBAL CAR SP Z O O\u00a0. Przetwarzanie danych w celach marketingowych odbywa si\u0119 wy\u0142\u0105cznie po uzyskaniu odr\u0119bnej zgody przez u\u017cytkownika lub Klienta Serwisu. Przetwarzanie danych w celach przesy\u0142ania informacji handlowej odbywa si\u0119 wy\u0142\u0105cznie po uzyskaniu odr\u0119bnej zgody przez u\u017cytkownika lub Klienta Serwisu.<\/p><p>Celem Polityki Prywatno\u015bci i Bezpiecze\u0144stwa jest okre\u015blenie dzia\u0142a\u0144 podejmowanych przez GLOBAL CAR SP Z O O\u00a0w zakresie ochrony danych osobowych przetwarzanych, w tym zbieranych za po\u015brednictwem Serwisu, takich jak rejestracja, sk\u0142adanie zam\u00f3wie\u0144, utrwalanie danych na serwerach oraz wszelkich innych to\u017csamych czynno\u015bci zwi\u0105zanych z przetwarzaniem danych przy korzystaniu ze Serwisu. Wszelkie dzia\u0142ania GLOBAL CAR SP Z O O\u00a0podlegaj\u0105 przepisom prawa polskiego oraz og\u00f3lnego rozporz\u0105dzenia o ochronie danych osobowych (Rozporz\u0105dzenie). Polityka Prywatno\u015bci i Bezpiecze\u0144stwa podlega przepisom prawa polskiego i og\u00f3lnego rozporz\u0105dzenia o ochronie danych (Rozporz\u0105dzenie).<\/p><p><b>CZAS PRZETWARZANIA DANYCH OSOBOWYCH<\/b><\/p><p>Dane Klienta Serwisu przetwarzane b\u0119d\u0105 przez okres obowi\u0105zywania umowy o \u015bwiadczenie Us\u0142ugi elektronicznej oraz do 30 dni od rozwi\u0105zania umowy o \u015bwiadczenie Us\u0142ugi elektronicznej, a w przypadku zawartej Umowy przez okres wykonania tej umowy oraz przez okres do 10 lat od jej zrealizowania lub od odst\u0105pienia od Umowy.<\/p><p><b>DOBROWOLNO\u015a\u0106 UDOST\u0118PNIENIA DANYCH<\/b><\/p><p>Ka\u017cdy u\u017cytkownik lub Klient Serwisu w celu skorzystania Us\u0142ug elektronicznych lub z\u0142o\u017cenia zam\u00f3wienia dysponuje prawem dobrowolnego wprowadzenia danych. W przypadku korzystania z niekt\u00f3rych us\u0142ug, w tym w czasie procesu sk\u0142adania zam\u00f3wienia wprowadzenie danych mimo, i\u017c dobrowolne, mo\u017ce okaza\u0107 si\u0119 niezb\u0119dne dla wykonania Us\u0142ugi elektronicznej lub zrealizowania zam\u00f3wienia.<\/p><p>Dane niezb\u0119dne (obowi\u0105zkowe) do wprowadzenia w przypadku skorzystania Us\u0142ugi elektronicznej lub zrealizowania zam\u00f3wienia ka\u017cdorazowo pozostaj\u0105 wyszczeg\u00f3lnione w formularzu przeznaczonym do wprowadzenia tych danych.<\/p><p><b>PRAWO DOST\u0118PU DO DANYCH<\/b><\/p><p>Ka\u017cdy u\u017cytkownik lub Klient Serwisu ma prawo dost\u0119pu do danych i ich poprawienia, w szczeg\u00f3lno\u015bci poprzez dost\u0119p do Panelu Klienta, b\u0105d\u017a kontakt z GLOBAL CAR SP Z O O<\/p><p>W przypadku kontaktu z GLOBAL CAR SP Z O O, ze wzgl\u0119d\u00f3w bezpiecze\u0144stwa zostanie przeprowadzona weryfikacja Twojej osoby.<\/p><p><b>PRAWO DO USUNI\u0118CIA DANYCH<\/b><\/p><p>Szanuj\u0105c prawo u\u017cytkownik\u00f3w oraz Klient\u00f3w GLOBAL CAR SP Z O O\u00a0pragniemy poinformowa\u0107, \u017ce ka\u017cda z os\u00f3b ma prawo do usuni\u0119cia swoich danych. Prawo to okre\u015blane jest powszechnie, jako \u201eprawo do bycia zapomnianym\u201d. GLOBAL CAR SP Z O O\u00a0jest zobowi\u0105zany do usuni\u0119cia wszelkich danych osoby zg\u0142aszaj\u0105cej, z zastrze\u017ceniem, \u017ce nie b\u0119dzie innej podstawy prawnej do dalszego przetwarzania tych danych, taka podstawa mo\u017ce wynika\u0107 z np.: obowi\u0105zku przechowywania dokumentacji finansowej. Je\u017celi jednak realizacja \u017c\u0105dania nie b\u0119dzie mo\u017cliwa poinformujemy o tym wraz ze wskazaniem podstawy prawnej.<\/p><p><b>PRAWO DO PRZENOSZENIA DANYCH<\/b><\/p><p>Na wyra\u017an\u0105 pro\u015bb\u0119 osoby, kt\u00f3rej dane s\u0105 przetwarzane przez GLOBAL CAR SP Z O O, otrzymasz od nas plik z danymi ustrukturyzowanymi w powszechnie u\u017cywanym formacie. W ramach tego prawa mo\u017cesz r\u00f3wnie\u017c wskaza\u0107 podmiot, kt\u00f3remu jako administrator danych powinni\u015bmy przes\u0142a\u0107 Twoje dane.<\/p><p>Realizacja tego prawa mo\u017ce potrwa\u0107 do 30 dni. Jednocze\u015bnie ze wzgl\u0119d\u00f3w bezpiecze\u0144stwa przeprowadzimy weryfikacj\u0119 Twojej osoby, aby mie\u0107 pewno\u015b\u0107, \u017ce Twoje dane trafi\u0105 do w\u0142a\u015bciwej osoby.<\/p><p><b>ZABEZPIECZENIE I OCHRONA DANYCH OSOBOWYCH<\/b><\/p><p>GLOBAL CAR SP Z O O o\u015bwiadcza, \u017ce przetwarza dane osobowe u\u017cytkownik\u00f3w oraz Klient\u00f3w Serwisu zgodnie z Rozporz\u0105dzeniem Parlamentu Europejskiego i Rady (UE) 2016\/679 z dnia 27 kwietnia 2016 r. w sprawie ochrony os\u00f3b fizycznych w zwi\u0105zku z przetwarzaniem danych osobowych i w sprawie swobodnego przep\u0142ywu takich danych oraz uchylenia dyrektywy 95\/46\/WE oraz \u017ce stosuje \u015brodki techniczne i organizacyjne zapewniaj\u0105ce ochron\u0119 przetwarzanych danych odpowiedni\u0105 do zagro\u017ce\u0144 oraz kategorii danych obj\u0119tych ochron\u0105, a w szczeg\u00f3lno\u015bci zabezpiecza dane osobowe u\u017cytkownik\u00f3w oraz Klient\u00f3w Serwisu przed udost\u0119pnieniem ich osobom nieupowa\u017cnionym, utrat\u0105 czy uszkodzeniem.<\/p><p><b>COOKIES<\/b><\/p><p>Poprzez pliki \u201ecookies\u201d nale\u017cy rozumie\u0107 dane informatyczne, w szczeg\u00f3lno\u015bci kr\u00f3tkie pliki tekstowe, przechowywane przez przegl\u0105dark\u0119 internetow\u0105 lub bezpo\u015brednio w urz\u0105dzeniach ko\u0144cowych u\u017cytkownik\u00f3w przeznaczonych do korzystania ze stron internetowych. Pliki te pozwalaj\u0105 rozpozna\u0107 urz\u0105dzenie u\u017cytkownika i odpowiednio wy\u015bwietli\u0107 stron\u0119 internetow\u0105 dostosowan\u0105 do jego indywidualnych preferencji. \u201eCookies\u201d zazwyczaj zawieraj\u0105 nazw\u0119 strony internetowej z kt\u00f3rej pochodz\u0105, czas przechowywania ich na urz\u0105dzeniu ko\u0144cowym oraz unikalny numer.\u00a0<\/p><p>Pliki \u201ecookies\u201d wykorzystywane s\u0105 w nast\u0119puj\u0105cych celach:<\/p><ol><li>tworzenia statystyk, kt\u00f3re pomagaj\u0105 zrozumie\u0107, w jaki spos\u00f3b u\u017cytkownicy korzystaj\u0105 ze Serwisu, co bezpo\u015brednio wp\u0142ywa ulepszanie ich struktury i zawarto\u015bci;<\/li><li>utrzymanie sesji u\u017cytkownika Serwisu, dzi\u0119ki kt\u00f3rej nie musi on na ka\u017cdej podstronie Serwisu ponownie wpisywa\u0107 loginu i has\u0142a lub wykonywa\u0107 dodatkowych czynno\u015bci, np: ponownie dodanie produktu do koszyka;<\/li><li>okre\u015blania profilu u\u017cytkownika w celu wy\u015bwietlania mu dopasowanych materia\u0142\u00f3w w sieciach reklamowych, w szczeg\u00f3lno\u015bci sieci Google.<\/li><\/ol><ol><li>W ramach Serwisu stosowane s\u0105 dwa zasadnicze rodzaje plik\u00f3w \u201ecookies\u201d: \u201esesyjne\u201d (session cookies) oraz \u201esta\u0142e\u201d (persistent cookies). Pliki \u201esesyjne\u201d s\u0105 plikami tymczasowymi, kt\u00f3re przechowywane s\u0105 w urz\u0105dzeniu ko\u0144cowym u\u017cytkownika do czasu wylogowania, opuszczenia Serwisu lub wy\u0142\u0105czenia oprogramowania (przegl\u0105darki internetowej). Pliki \u201esta\u0142e\u201d przechowywane s\u0105 w urz\u0105dzeniu ko\u0144cowym u\u017cytkownika przez czas okre\u015blony w parametrach plik\u00f3w \u201ecookies\u201d lub do czasu ich manualnego usuni\u0119cia przez u\u017cytkownika.<\/li><li>Oprogramowanie do przegl\u0105dania stron internetowych (przegl\u0105darka internetowa) zazwyczaj domy\u015blnie dopuszcza przechowywanie plik\u00f3w \u201ecookies\u201d w urz\u0105dzeniu ko\u0144cowym u\u017cytkownika. U\u017cytkownicy Serwisu mog\u0105 dokona\u0107 zmiany ustawie\u0144 w tym zakresie. Przegl\u0105darka internetowa umo\u017cliwia usuni\u0119cie plik\u00f3w \u201ecookies\u201d. Mo\u017cliwe jest tak\u017ce automatyczne blokowanie plik\u00f3w \u201ecookies\u201d. Szczeg\u00f3\u0142owe informacje na ten temat zawiera pomoc lub dokumentacja przegl\u0105darki internetowej.<\/li><li>Ograniczenia stosowania plik\u00f3w \u201ecookies\u201d mog\u0105 wp\u0142yn\u0105\u0107 na niekt\u00f3re funkcjonalno\u015bci dost\u0119pne w Serwisie.<\/li><\/ol><p><b>BLOKADA LUB USUNI\u0118CIE PLIK\u00d3W COOKIES<\/b><\/p><p>Zgodnie z obowi\u0105zuj\u0105cymi przepisami ustawy z dnia 16 lipca 2004 r. Prawo telekomunikacyjne (Dz.U. 2004 nr 171 poz. 1800 z p\u00f3\u017an. zm.), w szczeg\u00f3lno\u015bci z art. \u00a0173 ust. 2 u\u017cytkownik ma prawo zadecydowania w zakresie dost\u0119pu plik\u00f3w \u201ecookies\u201d do swojego urz\u0105dzenia ko\u0144cowego poprzez ustawienie odpowiednich ustawie\u0144 (praw) dla tych plik\u00f3w w oknie ustawie\u0144 swojej przegl\u0105darki internetowej.<\/p><p>Pozostawienie przez u\u017cytkownika niezmienionych ustawie\u0144 oprogramowania zainstalowanego na urz\u0105dzeniu ko\u0144cowym oznacza wyra\u017cenie zgody na zamieszczanie plik\u00f3w tekstowych typu \u201ecookies\u201d na urz\u0105dzeniu u\u017cytkownika.<\/p><p><b>LOGI SERWERA<\/b><\/p><ol><li>Informacje o niekt\u00f3rych czynno\u015bciach podejmowanych przez u\u017cytkownik\u00f3w podlegaj\u0105 logowaniu w warstwie serwerowej. Dane te s\u0105 wykorzystywane wy\u0142\u0105cznie w celu administrowania Serwisem.<\/li><li>Przegl\u0105dane zasoby identyfikowane s\u0105 poprzez adresy URL. Ponadto zapisowi mog\u0105 podlega\u0107:<ol><li>czas nadej\u015bcia zapytania;<\/li><li>czas wys\u0142ania odpowiedzi;<\/li><li>nazw\u0119 stacji u\u017cytkownika \u2013 identyfikacja realizowana przez protok\u00f3\u0142 HTTP;<\/li><li>informacje o b\u0142\u0119dach jakie nast\u0105pi\u0142y przy realizacji transakcji HTTP;<\/li><li>adres URL strony poprzednio odwiedzanej przez u\u017cytkownika (referer link) \u2013 w przypadku gdy przej\u015bcie do Serwisu nast\u0105pi\u0142o przez odno\u015bnik;<\/li><li>informacje o przegl\u0105darce u\u017cytkownika;<\/li><li>informacje o adresie IP u\u017cytkownika;<\/li><\/ol><\/li><li>Dane powy\u017csze nie s\u0105 kojarzone z konkretnymi osobami przegl\u0105daj\u0105cymi strony.<\/li><li>Dane powy\u017csze s\u0105 wykorzystywane jedynie dla cel\u00f3w administrowania Serwisie.<\/li><\/ol><p><b>WY\u0141\u0104CZENIE ODPOWIEDZIALNO\u015aCI<\/b><\/p><p>Polityka Prywatno\u015bci i Bezpiecze\u0144stwa nie obejmuje informacji dotycz\u0105cych us\u0142ug, towar\u00f3w lub stron internetowych podmiot\u00f3w trzecich, udost\u0119pnionych ofert w Serwisie w ramach porozumie\u0144 z innymi podmiotami. Strony trzecie we w\u0142asnym zakresie i na w\u0142asn\u0105 odpowiedzialno\u015b\u0107 okre\u015blaj\u0105 odr\u0119bne, indywidualne zasady funkcjonowania ich us\u0142ug, towar\u00f3w lub stron internetowych w swoich regulaminach.<\/p><p><b>PRZEKAZYWANIE DANYCH POZA EUROPEJSKI OBSZAR GOSPODARCZY (EOG)<\/b><\/p><p>GLOBAL CAR SP Z O O przekazuje dane osobowe do pa\u0144stw trzecich, poza Europejski Obszar Gospodarczy wy\u0142\u0105cznie w celu w jakim zosta\u0142y udost\u0119pnione do: Google LLC z siedzib\u0105 w Mountain View w Stanach Zjednoczonych na podstawie tzw. Tarczy Prywatno\u015bci UE-USA (dalej: Porozumienie) tj. zgodnie z decyzj\u0105 Komisji Europejskiej z dnia 12 lipca 2016 r. o numerze IP\/16\/216 przekazywanie danych osobowych do podmiot\u00f3w z siedzib\u0105 w Stanach Zjednoczonych, kt\u00f3re przyst\u0105pi\u0142y do Porozumienia, zapewnia odpowiedni stopie\u0144 ochrony danych osobowych, zgodnie z art. 45 Rozporz\u0105dzenia.<\/p><p><b>KONTAKT<\/b><\/p><p>GLOBAL CAR SP Z O O zapewnia u\u017cytkownikom Serwisu mo\u017cliwo\u015b\u0107 kontaktu ws. ochrony danych, jak r\u00f3wnie\u017c wsparcia przy edycji ustawie\u0144, w szczeg\u00f3lno\u015bci dostosowania plik\u00f3w \u201ecookies\u201d do swoich preferencji poprzez albo w przypadku innych zapyta\u0144:<\/p><ol><li>w formie elektronicznej za po\u015brednictwem poczty elektronicznej na adres:\u00a0<a href=\"mailto:kontakt@krzysztofbojarski.com\">kontakt@globalcar.pl<\/a><\/li><li>pisemnie (korespondencyjnie) na adres: Pozna\u0144, UL. \u015awi\u0119ty Marcin 29\/8 , 61-806, Polska.\u00a0GLOBAL CAR SP Z O O<\/li><\/ol>\t\t\t\t\t\t<\/div>\n\t\t\t\t<\/div>\n\t\t\t\t\t<\/div>\n\t\t\t\t<\/div>\n\t\t\t\t<\/div>\n\t\t","protected":false},"excerpt":{"rendered":"<p>POJ\u0118CIA GLOBAL CAR SP Z O O \u2013Miros\u0142aw Rafa\u0142\u00a0z siedzib\u0105 w Poznaniu,\u00a0UL. \u015awi\u0119ty Marcin 29\/8\u00a0,\u00a061-806, NIP:\u00a07831795224. Serwis \u2013platforma internetowa funkcjonuj\u0105ca w domenie globalcar.pl; Klient \u2013osoba fizyczna posiadaj\u0105ca pe\u0142n\u0105 zdolno\u015b\u0107 do czynno\u015bci prawnych, a w wypadkach przewidzianych przez przepisy powszechnie obowi\u0105zuj\u0105ce, tak\u017ce osoba fizyczna posiadaj\u0105ca ograniczon\u0105 zdolno\u015b\u0107 do czynno\u015bci prawnych albo osoba prawna albo jednostka organizacyjna [&hellip;]<\/p>\n","protected":false},"author":4,"featured_media":0,"parent":0,"menu_order":0,"comment_status":"closed","ping_status":"closed","template":"elementor_header_footer","meta":{"footnotes":""},"yoast_head":"<!-- This site is optimized with the Yoast SEO plugin v22.3 - https:\/\/yoast.com\/wordpress\/plugins\/seo\/ -->\n<title>Polityka prywatno\u015bci - GlobalCar<\/title>\n<meta name=\"robots\" content=\"index, follow, max-snippet:-1, max-image-preview:large, max-video-preview:-1\" \/>\n<link rel=\"canonical\" href=\"https:\/\/globalcar.pl\/index.php\/polityka-prywatnosci\/\" \/>\n<meta property=\"og:locale\" content=\"pl_PL\" \/>\n<meta property=\"og:type\" content=\"article\" \/>\n<meta property=\"og:title\" content=\"Polityka prywatno\u015bci - GlobalCar\" \/>\n<meta property=\"og:description\" content=\"POJ\u0118CIA GLOBAL CAR SP Z O O \u2013Miros\u0142aw Rafa\u0142\u00a0z siedzib\u0105 w Poznaniu,\u00a0UL. \u015awi\u0119ty Marcin 29\/8\u00a0,\u00a061-806, NIP:\u00a07831795224. Serwis \u2013platforma internetowa funkcjonuj\u0105ca w domenie globalcar.pl; Klient \u2013osoba fizyczna posiadaj\u0105ca pe\u0142n\u0105 zdolno\u015b\u0107 do czynno\u015bci prawnych, a w wypadkach przewidzianych przez przepisy powszechnie obowi\u0105zuj\u0105ce, tak\u017ce osoba fizyczna posiadaj\u0105ca ograniczon\u0105 zdolno\u015b\u0107 do czynno\u015bci prawnych albo osoba prawna albo jednostka organizacyjna [&hellip;]\" \/>\n<meta property=\"og:url\" content=\"https:\/\/globalcar.pl\/index.php\/polityka-prywatnosci\/\" \/>\n<meta property=\"og:site_name\" content=\"GlobalCar\" \/>\n<meta property=\"article:modified_time\" content=\"2024-03-06T16:42:29+00:00\" \/>\n<meta name=\"twitter:card\" content=\"summary_large_image\" \/>\n<meta name=\"twitter:label1\" content=\"Szacowany czas czytania\" \/>\n\t<meta name=\"twitter:data1\" content=\"9 minut\" \/>\n<script type=\"application\/ld+json\" class=\"yoast-schema-graph\">{\"@context\":\"https:\/\/schema.org\",\"@graph\":[{\"@type\":\"WebPage\",\"@id\":\"https:\/\/globalcar.pl\/index.php\/polityka-prywatnosci\/\",\"url\":\"https:\/\/globalcar.pl\/index.php\/polityka-prywatnosci\/\",\"name\":\"Polityka prywatno\u015bci - GlobalCar\",\"isPartOf\":{\"@id\":\"https:\/\/globalcar.pl\/#website\"},\"datePublished\":\"2024-03-06T16:41:02+00:00\",\"dateModified\":\"2024-03-06T16:42:29+00:00\",\"breadcrumb\":{\"@id\":\"https:\/\/globalcar.pl\/index.php\/polityka-prywatnosci\/#breadcrumb\"},\"inLanguage\":\"pl-PL\",\"potentialAction\":[{\"@type\":\"ReadAction\",\"target\":[\"https:\/\/globalcar.pl\/index.php\/polityka-prywatnosci\/\"]}]},{\"@type\":\"BreadcrumbList\",\"@id\":\"https:\/\/globalcar.pl\/index.php\/polityka-prywatnosci\/#breadcrumb\",\"itemListElement\":[{\"@type\":\"ListItem\",\"position\":1,\"name\":\"Strona g\u0142\u00f3wna\",\"item\":\"https:\/\/globalcar.pl\/\"},{\"@type\":\"ListItem\",\"position\":2,\"name\":\"Polityka prywatno\u015bci\"}]},{\"@type\":\"WebSite\",\"@id\":\"https:\/\/globalcar.pl\/#website\",\"url\":\"https:\/\/globalcar.pl\/\",\"name\":\"GlobalCar\",\"description\":\"New and used cars at the lowest prices on the market\",\"publisher\":{\"@id\":\"https:\/\/globalcar.pl\/#organization\"},\"potentialAction\":[{\"@type\":\"SearchAction\",\"target\":{\"@type\":\"EntryPoint\",\"urlTemplate\":\"https:\/\/globalcar.pl\/?s={search_term_string}\"},\"query-input\":\"required name=search_term_string\"}],\"inLanguage\":\"pl-PL\"},{\"@type\":\"Organization\",\"@id\":\"https:\/\/globalcar.pl\/#organization\",\"name\":\"GlobalCar\",\"url\":\"https:\/\/globalcar.pl\/\",\"logo\":{\"@type\":\"ImageObject\",\"inLanguage\":\"pl-PL\",\"@id\":\"https:\/\/globalcar.pl\/#\/schema\/logo\/image\/\",\"url\":\"https:\/\/globalcar.pl\/wp-content\/uploads\/2024\/03\/Logo.svg\",\"contentUrl\":\"https:\/\/globalcar.pl\/wp-content\/uploads\/2024\/03\/Logo.svg\",\"width\":135,\"height\":40,\"caption\":\"GlobalCar\"},\"image\":{\"@id\":\"https:\/\/globalcar.pl\/#\/schema\/logo\/image\/\"}}]}<\/script>\n<!-- \/ Yoast SEO plugin. -->","yoast_head_json":{"title":"Polityka prywatno\u015bci - GlobalCar","robots":{"index":"index","follow":"follow","max-snippet":"max-snippet:-1","max-image-preview":"max-image-preview:large","max-video-preview":"max-video-preview:-1"},"canonical":"https:\/\/globalcar.pl\/index.php\/polityka-prywatnosci\/","og_locale":"pl_PL","og_type":"article","og_title":"Polityka prywatno\u015bci - GlobalCar","og_description":"POJ\u0118CIA GLOBAL CAR SP Z O O \u2013Miros\u0142aw Rafa\u0142\u00a0z siedzib\u0105 w Poznaniu,\u00a0UL. \u015awi\u0119ty Marcin 29\/8\u00a0,\u00a061-806, NIP:\u00a07831795224. Serwis \u2013platforma internetowa funkcjonuj\u0105ca w domenie globalcar.pl; Klient \u2013osoba fizyczna posiadaj\u0105ca pe\u0142n\u0105 zdolno\u015b\u0107 do czynno\u015bci prawnych, a w wypadkach przewidzianych przez przepisy powszechnie obowi\u0105zuj\u0105ce, tak\u017ce osoba fizyczna posiadaj\u0105ca ograniczon\u0105 zdolno\u015b\u0107 do czynno\u015bci prawnych albo osoba prawna albo jednostka organizacyjna [&hellip;]","og_url":"https:\/\/globalcar.pl\/index.php\/polityka-prywatnosci\/","og_site_name":"GlobalCar","article_modified_time":"2024-03-06T16:42:29+00:00","twitter_card":"summary_large_image","twitter_misc":{"Szacowany czas czytania":"9 minut"},"schema":{"@context":"https:\/\/schema.org","@graph":[{"@type":"WebPage","@id":"https:\/\/globalcar.pl\/index.php\/polityka-prywatnosci\/","url":"https:\/\/globalcar.pl\/index.php\/polityka-prywatnosci\/","name":"Polityka prywatno\u015bci - GlobalCar","isPartOf":{"@id":"https:\/\/globalcar.pl\/#website"},"datePublished":"2024-03-06T16:41:02+00:00","dateModified":"2024-03-06T16:42:29+00:00","breadcrumb":{"@id":"https:\/\/globalcar.pl\/index.php\/polityka-prywatnosci\/#breadcrumb"},"inLanguage":"pl-PL","potentialAction":[{"@type":"ReadAction","target":["https:\/\/globalcar.pl\/index.php\/polityka-prywatnosci\/"]}]},{"@type":"BreadcrumbList","@id":"https:\/\/globalcar.pl\/index.php\/polityka-prywatnosci\/#breadcrumb","itemListElement":[{"@type":"ListItem","position":1,"name":"Strona g\u0142\u00f3wna","item":"https:\/\/globalcar.pl\/"},{"@type":"ListItem","position":2,"name":"Polityka prywatno\u015bci"}]},{"@type":"WebSite","@id":"https:\/\/globalcar.pl\/#website","url":"https:\/\/globalcar.pl\/","name":"GlobalCar","description":"New and used cars at the lowest prices on the market","publisher":{"@id":"https:\/\/globalcar.pl\/#organization"},"potentialAction":[{"@type":"SearchAction","target":{"@type":"EntryPoint","urlTemplate":"https:\/\/globalcar.pl\/?s={search_term_string}"},"query-input":"required name=search_term_string"}],"inLanguage":"pl-PL"},{"@type":"Organization","@id":"https:\/\/globalcar.pl\/#organization","name":"GlobalCar","url":"https:\/\/globalcar.pl\/","logo":{"@type":"ImageObject","inLanguage":"pl-PL","@id":"https:\/\/globalcar.pl\/#\/schema\/logo\/image\/","url":"https:\/\/globalcar.pl\/wp-content\/uploads\/2024\/03\/Logo.svg","contentUrl":"https:\/\/globalcar.pl\/wp-content\/uploads\/2024\/03\/Logo.svg","width":135,"height":40,"caption":"GlobalCar"},"image":{"@id":"https:\/\/globalcar.pl\/#\/schema\/logo\/image\/"}}]}},"_links":{"self":[{"href":"https:\/\/globalcar.pl\/index.php\/wp-json\/wp\/v2\/pages\/269"}],"collection":[{"href":"https:\/\/globalcar.pl\/index.php\/wp-json\/wp\/v2\/pages"}],"about":[{"href":"https:\/\/globalcar.pl\/index.php\/wp-json\/wp\/v2\/types\/page"}],"author":[{"embeddable":true,"href":"https:\/\/globalcar.pl\/index.php\/wp-json\/wp\/v2\/users\/4"}],"replies":[{"embeddable":true,"href":"https:\/\/globalcar.pl\/index.php\/wp-json\/wp\/v2\/comments?post=269"}],"version-history":[{"count":4,"href":"https:\/\/globalcar.pl\/index.php\/wp-json\/wp\/v2\/pages\/269\/revisions"}],"predecessor-version":[{"id":273,"href":"https:\/\/globalcar.pl\/index.php\/wp-json\/wp\/v2\/pages\/269\/revisions\/273"}],"wp:attachment":[{"href":"https:\/\/globalcar.pl\/index.php\/wp-json\/wp\/v2\/media?parent=269"}],"curies":[{"name":"wp","href":"https:\/\/api.w.org\/{rel}","templated":true}]}}